{"id":314,"date":"2022-09-01T11:14:49","date_gmt":"2022-09-01T11:14:49","guid":{"rendered":"https:\/\/miratu.es\/?post_type=product&#038;p=314"},"modified":"2024-07-09T14:53:38","modified_gmt":"2024-07-09T14:53:38","slug":"lana-de-alpaca-tejida-en-rueca","status":"publish","type":"product","link":"https:\/\/miratu.es\/?product=lana-de-alpaca-tejida-en-rueca","title":{"rendered":"Lana de Alpaca tejida en Rueca"},"content":{"rendered":"<div id=\"attachment_315\" style=\"width: 148px\" class=\"wp-caption alignnone\"><img loading=\"lazy\" decoding=\"async\" aria-describedby=\"caption-attachment-315\" class=\"size-medium wp-image-315\" src=\"https:\/\/miratu.es\/wp-content\/uploads\/2022\/07\/9442-138x300.jpg\" alt=\"lanas distintos tonos y mezclas de colores naturales\" width=\"138\" height=\"300\" srcset=\"https:\/\/miratu.es\/wp-content\/uploads\/2022\/07\/9442-138x300.jpg 138w, https:\/\/miratu.es\/wp-content\/uploads\/2022\/07\/9442.jpg 270w\" sizes=\"(max-width: 138px) 100vw, 138px\" \/><p id=\"caption-attachment-315\" class=\"wp-caption-text\">lana de alpaca colores naturales<\/p><\/div>\n<div id=\"attachment_315\" style=\"width: 148px\" class=\"wp-caption alignnone\"><img loading=\"lazy\" decoding=\"async\" aria-describedby=\"caption-attachment-315\" class=\"size-medium wp-image-315\" src=\"https:\/\/miratu.es\/wp-content\/uploads\/2022\/07\/9442-138x300.jpg\" alt=\"lanas distintos tonos y mezclas de colores naturales\" width=\"138\" height=\"300\" srcset=\"https:\/\/miratu.es\/wp-content\/uploads\/2022\/07\/9442-138x300.jpg 138w, https:\/\/miratu.es\/wp-content\/uploads\/2022\/07\/9442.jpg 270w\" sizes=\"(max-width: 138px) 100vw, 138px\" \/><p id=\"caption-attachment-315\" class=\"wp-caption-text\">lana de alpaca colores naturales<\/p><\/div>\n<h3><\/h3>\n<div data-test='contact-form' id='contact-form-314' class='wp-block-jetpack-contact-form-container '>\n<form action='https:\/\/miratu.es\/?product=lana-de-alpaca-tejida-en-rueca#contact-form-314' method='post' class='contact-form commentsblock' aria-label=\"Lana de Alpaca tejida en Rueca\" novalidate>\n\n<div style=\"\" class='grunion-field-name-wrap grunion-field-wrap'  >\n<label\n\t\t\t\tfor='g314-nombre'\n\t\t\t\tclass='grunion-field-label name'>Nombre<span class=\"grunion-label-required\" aria-hidden=\"true\">(obligatorio)<\/span><\/label>\n<input\n\t\t\t\t\ttype='text'\n\t\t\t\t\tname='g314-nombre'\n\t\t\t\t\tid='g314-nombre'\n\t\t\t\t\tvalue=''\n\t\t\t\t\tclass='name  grunion-field' \n\t\t\t\t\trequired aria-required='true' \/>\n\t<\/div>\n\n<div style=\"\" class='grunion-field-email-wrap grunion-field-wrap'  >\n<label\n\t\t\t\tfor='g314-correoelectrnico'\n\t\t\t\tclass='grunion-field-label email'>Correo electr\u00f3nico<span class=\"grunion-label-required\" aria-hidden=\"true\">(obligatorio)<\/span><\/label>\n<input\n\t\t\t\t\ttype='email'\n\t\t\t\t\tname='g314-correoelectrnico'\n\t\t\t\t\tid='g314-correoelectrnico'\n\t\t\t\t\tvalue=''\n\t\t\t\t\tclass='email  grunion-field' \n\t\t\t\t\trequired aria-required='true' \/>\n\t<\/div>\n\n<div style=\"\" class='grunion-field-url-wrap grunion-field-wrap'  >\n<label\n\t\t\t\tfor='g314-web'\n\t\t\t\tclass='grunion-field-label url'>Web<\/label>\n<input\n\t\t\t\t\ttype='text'\n\t\t\t\t\tname='g314-web'\n\t\t\t\t\tid='g314-web'\n\t\t\t\t\tvalue=''\n\t\t\t\t\tclass='url  grunion-field' \n\t\t\t\t\ttitle=\"Por favor, introduce una URL v\u00e1lida - https:\/\/www.ejemplo.com\" oninvalid=\"setCustomValidity(&quot;Por favor, introduce una URL v\u00e1lida - https:\/\/www.ejemplo.com&quot;)\" oninput=\"setCustomValidity(&quot;&quot;)\" pattern=\"(?:(?:[Hh][Tt][Tt][Pp][Ss]?|[Ff][Tt][Pp]):\\\/\\\/)?(?:\\S+(?::\\S*)?@|\\d{1,3}(?:\\.\\d{1,3}){3}|(?:(?:[a-zA-Z\\d\\u00a1-\\uffff]+-?)*[a-zA-Z\\d\\u00a1-\\uffff]+)(?:\\.(?:[a-zA-Z\\d\\u00a1-\\uffff]+-?)*[a-zA-Z\\d\\u00a1-\\uffff]+)*(?:\\.[a-zA-Z\\u00a1-\\uffff]{2,6}))(?::\\d+)?(?:[^\\s]*)?\" data-type-override=\"url\"  \/>\n\t<\/div>\n\n<div style=\"\" class='grunion-field-textarea-wrap grunion-field-wrap'  >\n<label\n\t\t\t\tfor='contact-form-comment-g314-mensaje'\n\t\t\t\tclass='grunion-field-label textarea'>Mensaje<\/label>\n<textarea\n\t\t                style=''\n\t\t                name='g314-mensaje'\n\t\t                id='contact-form-comment-g314-mensaje'\n\t\t                rows='20' class='textarea  grunion-field'  ><\/textarea>\n\t<\/div>\n\t<p class='contact-submit'>\n\t\t<button type='submit' class='pushbutton-wide'>Enviar<\/button>\t\t<input type='hidden' name='contact-form-id' value='314' \/>\n\t\t<input type='hidden' name='action' value='grunion-contact-form' \/>\n\t\t<input type='hidden' name='contact-form-hash' value='924ebafb05d60781c67977c70eb10be514c666b4' \/>\n\t<\/p>\n<\/form>\n<\/div>\n","protected":false},"excerpt":{"rendered":"<div id=\"attachment_315\" style=\"width: 148px\" class=\"wp-caption alignnone\"><img loading=\"lazy\" decoding=\"async\" aria-describedby=\"caption-attachment-315\" class=\"size-medium wp-image-315\" src=\"https:\/\/miratu.es\/wp-content\/uploads\/2022\/07\/9442-138x300.jpg\" alt=\"lanas distintos tonos y mezclas de colores naturales\" width=\"138\" height=\"300\" srcset=\"https:\/\/miratu.es\/wp-content\/uploads\/2022\/07\/9442-138x300.jpg 138w, https:\/\/miratu.es\/wp-content\/uploads\/2022\/07\/9442.jpg 270w\" sizes=\"(max-width: 138px) 100vw, 138px\" \/><p id=\"caption-attachment-315\" class=\"wp-caption-text\">lana de alpaca colores naturales<\/p><\/div>\n<div data-test='contact-form' id='contact-form-314-2-1' class='wp-block-jetpack-contact-form-container '>\n<form action='https:\/\/miratu.es\/?product=lana-de-alpaca-tejida-en-rueca#contact-form-314-2-1' method='post' class='contact-form commentsblock' aria-label=\"Lana de Alpaca tejida en Rueca\" novalidate>\n\n<div style=\"\" class='grunion-field-name-wrap grunion-field-wrap'  >\n<label\n\t\t\t\tfor='g314-2-1-nombre'\n\t\t\t\tclass='grunion-field-label name'>Nombre<span class=\"grunion-label-required\" aria-hidden=\"true\">(obligatorio)<\/span><\/label>\n<input\n\t\t\t\t\ttype='text'\n\t\t\t\t\tname='g314-2-1-nombre'\n\t\t\t\t\tid='g314-2-1-nombre'\n\t\t\t\t\tvalue=''\n\t\t\t\t\tclass='name  grunion-field' \n\t\t\t\t\trequired aria-required='true' \/>\n\t<\/div>\n\n<div style=\"\" class='grunion-field-email-wrap grunion-field-wrap'  >\n<label\n\t\t\t\tfor='g314-2-1-correoelectrnico'\n\t\t\t\tclass='grunion-field-label email'>Correo electr\u00f3nico<span class=\"grunion-label-required\" aria-hidden=\"true\">(obligatorio)<\/span><\/label>\n<input\n\t\t\t\t\ttype='email'\n\t\t\t\t\tname='g314-2-1-correoelectrnico'\n\t\t\t\t\tid='g314-2-1-correoelectrnico'\n\t\t\t\t\tvalue=''\n\t\t\t\t\tclass='email  grunion-field' \n\t\t\t\t\trequired aria-required='true' \/>\n\t<\/div>\n\n<div style=\"\" class='grunion-field-url-wrap grunion-field-wrap'  >\n<label\n\t\t\t\tfor='g314-2-1-web'\n\t\t\t\tclass='grunion-field-label url'>Web<\/label>\n<input\n\t\t\t\t\ttype='text'\n\t\t\t\t\tname='g314-2-1-web'\n\t\t\t\t\tid='g314-2-1-web'\n\t\t\t\t\tvalue=''\n\t\t\t\t\tclass='url  grunion-field' \n\t\t\t\t\ttitle=\"Por favor, introduce una URL v\u00e1lida - https:\/\/www.ejemplo.com\" oninvalid=\"setCustomValidity(&quot;Por favor, introduce una URL v\u00e1lida - https:\/\/www.ejemplo.com&quot;)\" oninput=\"setCustomValidity(&quot;&quot;)\" pattern=\"(?:(?:[Hh][Tt][Tt][Pp][Ss]?|[Ff][Tt][Pp]):\\\/\\\/)?(?:\\S+(?::\\S*)?@|\\d{1,3}(?:\\.\\d{1,3}){3}|(?:(?:[a-zA-Z\\d\\u00a1-\\uffff]+-?)*[a-zA-Z\\d\\u00a1-\\uffff]+)(?:\\.(?:[a-zA-Z\\d\\u00a1-\\uffff]+-?)*[a-zA-Z\\d\\u00a1-\\uffff]+)*(?:\\.[a-zA-Z\\u00a1-\\uffff]{2,6}))(?::\\d+)?(?:[^\\s]*)?\" data-type-override=\"url\"  \/>\n\t<\/div>\n\n<div style=\"\" class='grunion-field-textarea-wrap grunion-field-wrap'  >\n<label\n\t\t\t\tfor='contact-form-comment-g314-2-1-mensaje'\n\t\t\t\tclass='grunion-field-label textarea'>Mensaje<\/label>\n<textarea\n\t\t                style=''\n\t\t                name='g314-2-1-mensaje'\n\t\t                id='contact-form-comment-g314-2-1-mensaje'\n\t\t                rows='20' class='textarea  grunion-field'  ><\/textarea>\n\t<\/div>\n\t<p class='contact-submit'>\n\t\t<button type='submit' class='pushbutton-wide'>Enviar<\/button>\t\t<input type='hidden' name='contact-form-id' value='314-2-1' \/>\n\t\t<input type='hidden' name='action' value='grunion-contact-form' \/>\n\t\t<input type='hidden' name='contact-form-hash' value='17f6fa4f1854e6280214773845f626fecb281049' \/>\n\t<\/p>\n<\/form>\n<\/div>\n<p>Lana virgen de Alpaca, tejida en Rueca (slow fabricaci\u00f3n). Trabajada desde el vell\u00f3n sin procesos qu\u00edmicos en ning\u00fan momento : colores\u00a0 naturales, marr\u00f3n, blanco, beige.<\/p>\n<p>Es de hilado r\u00fastico , di\u00e1metro medio , para tejidos en dos agujas\u00a0 crochet, o telar.<\/p>\n<p>Las propiedades de la lana de Alpaca es conocida, por su suavidad, hipoalerg\u00e9nica (sin lanolina) y abrigo excepcional.<\/p>\n","protected":false},"featured_media":352,"comment_status":"open","ping_status":"closed","template":"","meta":{"_et_pb_use_builder":"","_et_pb_old_content":"","_et_gb_content_width":""},"product_brand":[],"product_cat":[50],"product_tag":[58],"class_list":{"0":"post-314","1":"product","2":"type-product","3":"status-publish","4":"has-post-thumbnail","6":"product_cat-lana-de-alpaca-tejida","7":"product_tag-lana-hilada-a-mano-en-rueca","9":"first","10":"instock","11":"taxable","12":"shipping-taxable","13":"purchasable","14":"product-type-simple"},"jetpack_sharing_enabled":true,"_links":{"self":[{"href":"https:\/\/miratu.es\/index.php?rest_route=\/wp\/v2\/product\/314","targetHints":{"allow":["GET"]}}],"collection":[{"href":"https:\/\/miratu.es\/index.php?rest_route=\/wp\/v2\/product"}],"about":[{"href":"https:\/\/miratu.es\/index.php?rest_route=\/wp\/v2\/types\/product"}],"replies":[{"embeddable":true,"href":"https:\/\/miratu.es\/index.php?rest_route=%2Fwp%2Fv2%2Fcomments&post=314"}],"wp:featuredmedia":[{"embeddable":true,"href":"https:\/\/miratu.es\/index.php?rest_route=\/wp\/v2\/media\/352"}],"wp:attachment":[{"href":"https:\/\/miratu.es\/index.php?rest_route=%2Fwp%2Fv2%2Fmedia&parent=314"}],"wp:term":[{"taxonomy":"product_brand","embeddable":true,"href":"https:\/\/miratu.es\/index.php?rest_route=%2Fwp%2Fv2%2Fproduct_brand&post=314"},{"taxonomy":"product_cat","embeddable":true,"href":"https:\/\/miratu.es\/index.php?rest_route=%2Fwp%2Fv2%2Fproduct_cat&post=314"},{"taxonomy":"product_tag","embeddable":true,"href":"https:\/\/miratu.es\/index.php?rest_route=%2Fwp%2Fv2%2Fproduct_tag&post=314"}],"curies":[{"name":"wp","href":"https:\/\/api.w.org\/{rel}","templated":true}]}}